{"id":31,"date":"2024-08-09T17:28:49","date_gmt":"2024-08-09T15:28:49","guid":{"rendered":"https:\/\/www.albangernigon-photographies.com\/?page_id=31"},"modified":"2024-09-04T10:00:08","modified_gmt":"2024-09-04T08:00:08","slug":"les-odeurs-de-chlore","status":"publish","type":"page","link":"https:\/\/www.albangernigon-photographies.com\/index.php\/les-odeurs-de-chlore\/","title":{"rendered":"Les odeurs de chlore"},"content":{"rendered":"\n<div class=\"wp-block-qi-blocks-advanced-text qodef-block-container qodef-block-2907b256\"><div class=\"qi-block-advanced-text qodef-block qodef-m\"><p>Les Odeurs de Chlore<\/p><\/div><\/div>\n\n\n\n<div class=\"wp-block-qi-blocks-advanced-text qodef-block-container qodef-block-9fe72307\"><div class=\"qi-block-advanced-text qodef-block qodef-m\"><p>Les piscines sont pleines de souvenirs, d\u2019images, de bruits ou de silences familiers, remplies de cette lumi\u00e8re bleue, \u00e9clatante.<br>Les odeurs de chlore, ou plut\u00f4t leur m\u00e9lancolie, quand, apr\u00e8s le 34\u00e8me confinement sanitaire, on ne se souvient plus si on l\u2019aime si on la deteste.<br>La m\u00e9lancolie bleue, la nostalgie humide d\u2019un maillot de bain tremp\u00e9, l\u2019echo triste d\u2019une piscine vide, d\u2019une mosa\u00efque fatigu\u00e9e au charme d\u00e9suet, d\u2019un grand bassin devenu beaucoup trop grand.<br>Les Odeurs de Chlore c\u2019est aussi ce souvenir un peu triste d\u2019un temps pas si lointain o\u00f9 tout ce qui \u00e9tait \u00e9vident \u00e9tait possible. Un temps o\u00f9 nous pouvions nous baigner dans des bassins, d\u00e9limit\u00e9s par des lignes de nage bien align\u00e9es.\u00a0<br>Cette douce m\u00e9lancolie des choses et des odeurs, qui, par le temps tranquillement \u00e9coul\u00e9, ont oubli\u00e9 de nous faire savoir si on les aimait ou si on les d\u00e9testait, comme si ces souvenirs glissaient en nous comme nos pieds sur le bord de la piscine.<\/p><\/div><\/div>\n\n\n\n<figure class=\"wp-block-gallery has-nested-images columns-default is-cropped wp-block-gallery-1 is-layout-flex wp-block-gallery-is-layout-flex\">\n<figure data-wp-context=\"{&quot;imageId&quot;:&quot;6a006dc72947a&quot;}\" data-wp-interactive=\"core\/image\" data-wp-key=\"6a006dc72947a\" class=\"wp-block-image size-large wp-lightbox-container\"><img fetchpriority=\"high\" decoding=\"async\" width=\"1024\" height=\"683\" data-wp-class--hide=\"state.isContentHidden\" data-wp-class--show=\"state.isContentVisible\" data-wp-init=\"callbacks.setButtonStyles\" data-wp-on--click=\"actions.showLightbox\" data-wp-on--load=\"callbacks.setButtonStyles\" data-wp-on-window--resize=\"callbacks.setButtonStyles\" data-id=\"493\" src=\"https:\/\/www.albangernigon-photographies.com\/wp-content\/uploads\/2024\/08\/odeursdechlore003_1-1024x683.jpg\" alt=\"\" class=\"wp-image-493\" srcset=\"https:\/\/www.albangernigon-photographies.com\/wp-content\/uploads\/2024\/08\/odeursdechlore003_1-1024x683.jpg 1024w, https:\/\/www.albangernigon-photographies.com\/wp-content\/uploads\/2024\/08\/odeursdechlore003_1-300x200.jpg 300w, https:\/\/www.albangernigon-photographies.com\/wp-content\/uploads\/2024\/08\/odeursdechlore003_1-768x512.jpg 768w, https:\/\/www.albangernigon-photographies.com\/wp-content\/uploads\/2024\/08\/odeursdechlore003_1-1536x1024.jpg 1536w, https:\/\/www.albangernigon-photographies.com\/wp-content\/uploads\/2024\/08\/odeursdechlore003_1.jpg 1620w\" sizes=\"(max-width: 1024px) 100vw, 1024px\" \/><button\n\t\t\tclass=\"lightbox-trigger\"\n\t\t\ttype=\"button\"\n\t\t\taria-haspopup=\"dialog\"\n\t\t\taria-label=\"Enlarge\"\n\t\t\tdata-wp-init=\"callbacks.initTriggerButton\"\n\t\t\tdata-wp-on--click=\"actions.showLightbox\"\n\t\t\tdata-wp-style--right=\"state.imageButtonRight\"\n\t\t\tdata-wp-style--top=\"state.imageButtonTop\"\n\t\t>\n\t\t\t<svg xmlns=\"http:\/\/www.w3.org\/2000\/svg\" width=\"12\" height=\"12\" fill=\"none\" viewBox=\"0 0 12 12\">\n\t\t\t\t<path fill=\"#fff\" d=\"M2 0a2 2 0 0 0-2 2v2h1.5V2a.5.5 0 0 1 .5-.5h2V0H2Zm2 10.5H2a.5.5 0 0 1-.5-.5V8H0v2a2 2 0 0 0 2 2h2v-1.5ZM8 12v-1.5h2a.5.5 0 0 0 .5-.5V8H12v2a2 2 0 0 1-2 2H8Zm2-12a2 2 0 0 1 2 2v2h-1.5V2a.5.5 0 0 0-.5-.5H8V0h2Z\" \/>\n\t\t\t<\/svg>\n\t\t<\/button><\/figure>\n\n\n\n<figure data-wp-context=\"{&quot;imageId&quot;:&quot;6a006dc7299ba&quot;}\" data-wp-interactive=\"core\/image\" data-wp-key=\"6a006dc7299ba\" class=\"wp-block-image size-large wp-lightbox-container\"><img decoding=\"async\" width=\"1024\" height=\"683\" data-wp-class--hide=\"state.isContentHidden\" data-wp-class--show=\"state.isContentVisible\" data-wp-init=\"callbacks.setButtonStyles\" data-wp-on--click=\"actions.showLightbox\" data-wp-on--load=\"callbacks.setButtonStyles\" data-wp-on-window--resize=\"callbacks.setButtonStyles\" data-id=\"496\" src=\"https:\/\/www.albangernigon-photographies.com\/wp-content\/uploads\/2024\/08\/odeursdechlore006_1-1024x683.jpg\" alt=\"\" class=\"wp-image-496\" srcset=\"https:\/\/www.albangernigon-photographies.com\/wp-content\/uploads\/2024\/08\/odeursdechlore006_1-1024x683.jpg 1024w, https:\/\/www.albangernigon-photographies.com\/wp-content\/uploads\/2024\/08\/odeursdechlore006_1-300x200.jpg 300w, https:\/\/www.albangernigon-photographies.com\/wp-content\/uploads\/2024\/08\/odeursdechlore006_1-768x512.jpg 768w, https:\/\/www.albangernigon-photographies.com\/wp-content\/uploads\/2024\/08\/odeursdechlore006_1-1536x1024.jpg 1536w, https:\/\/www.albangernigon-photographies.com\/wp-content\/uploads\/2024\/08\/odeursdechlore006_1.jpg 1620w\" sizes=\"(max-width: 1024px) 100vw, 1024px\" \/><button\n\t\t\tclass=\"lightbox-trigger\"\n\t\t\ttype=\"button\"\n\t\t\taria-haspopup=\"dialog\"\n\t\t\taria-label=\"Enlarge\"\n\t\t\tdata-wp-init=\"callbacks.initTriggerButton\"\n\t\t\tdata-wp-on--click=\"actions.showLightbox\"\n\t\t\tdata-wp-style--right=\"state.imageButtonRight\"\n\t\t\tdata-wp-style--top=\"state.imageButtonTop\"\n\t\t>\n\t\t\t<svg xmlns=\"http:\/\/www.w3.org\/2000\/svg\" width=\"12\" height=\"12\" fill=\"none\" viewBox=\"0 0 12 12\">\n\t\t\t\t<path fill=\"#fff\" d=\"M2 0a2 2 0 0 0-2 2v2h1.5V2a.5.5 0 0 1 .5-.5h2V0H2Zm2 10.5H2a.5.5 0 0 1-.5-.5V8H0v2a2 2 0 0 0 2 2h2v-1.5ZM8 12v-1.5h2a.5.5 0 0 0 .5-.5V8H12v2a2 2 0 0 1-2 2H8Zm2-12a2 2 0 0 1 2 2v2h-1.5V2a.5.5 0 0 0-.5-.5H8V0h2Z\" \/>\n\t\t\t<\/svg>\n\t\t<\/button><\/figure>\n\n\n\n<figure data-wp-context=\"{&quot;imageId&quot;:&quot;6a006dc729e26&quot;}\" data-wp-interactive=\"core\/image\" data-wp-key=\"6a006dc729e26\" class=\"wp-block-image size-large wp-lightbox-container\"><img decoding=\"async\" width=\"1024\" height=\"683\" data-wp-class--hide=\"state.isContentHidden\" data-wp-class--show=\"state.isContentVisible\" data-wp-init=\"callbacks.setButtonStyles\" data-wp-on--click=\"actions.showLightbox\" data-wp-on--load=\"callbacks.setButtonStyles\" data-wp-on-window--resize=\"callbacks.setButtonStyles\" data-id=\"503\" src=\"https:\/\/www.albangernigon-photographies.com\/wp-content\/uploads\/2024\/08\/odeursdechlore012_1-1024x683.jpg\" alt=\"\" class=\"wp-image-503\" srcset=\"https:\/\/www.albangernigon-photographies.com\/wp-content\/uploads\/2024\/08\/odeursdechlore012_1-1024x683.jpg 1024w, https:\/\/www.albangernigon-photographies.com\/wp-content\/uploads\/2024\/08\/odeursdechlore012_1-300x200.jpg 300w, https:\/\/www.albangernigon-photographies.com\/wp-content\/uploads\/2024\/08\/odeursdechlore012_1-768x512.jpg 768w, https:\/\/www.albangernigon-photographies.com\/wp-content\/uploads\/2024\/08\/odeursdechlore012_1-1536x1024.jpg 1536w, https:\/\/www.albangernigon-photographies.com\/wp-content\/uploads\/2024\/08\/odeursdechlore012_1.jpg 1620w\" sizes=\"(max-width: 1024px) 100vw, 1024px\" \/><button\n\t\t\tclass=\"lightbox-trigger\"\n\t\t\ttype=\"button\"\n\t\t\taria-haspopup=\"dialog\"\n\t\t\taria-label=\"Enlarge\"\n\t\t\tdata-wp-init=\"callbacks.initTriggerButton\"\n\t\t\tdata-wp-on--click=\"actions.showLightbox\"\n\t\t\tdata-wp-style--right=\"state.imageButtonRight\"\n\t\t\tdata-wp-style--top=\"state.imageButtonTop\"\n\t\t>\n\t\t\t<svg xmlns=\"http:\/\/www.w3.org\/2000\/svg\" width=\"12\" height=\"12\" fill=\"none\" viewBox=\"0 0 12 12\">\n\t\t\t\t<path fill=\"#fff\" d=\"M2 0a2 2 0 0 0-2 2v2h1.5V2a.5.5 0 0 1 .5-.5h2V0H2Zm2 10.5H2a.5.5 0 0 1-.5-.5V8H0v2a2 2 0 0 0 2 2h2v-1.5ZM8 12v-1.5h2a.5.5 0 0 0 .5-.5V8H12v2a2 2 0 0 1-2 2H8Zm2-12a2 2 0 0 1 2 2v2h-1.5V2a.5.5 0 0 0-.5-.5H8V0h2Z\" \/>\n\t\t\t<\/svg>\n\t\t<\/button><\/figure>\n\n\n\n<figure data-wp-context=\"{&quot;imageId&quot;:&quot;6a006dc72a191&quot;}\" data-wp-interactive=\"core\/image\" data-wp-key=\"6a006dc72a191\" class=\"wp-block-image size-large wp-lightbox-container\"><img loading=\"lazy\" decoding=\"async\" width=\"1024\" height=\"683\" data-wp-class--hide=\"state.isContentHidden\" data-wp-class--show=\"state.isContentVisible\" data-wp-init=\"callbacks.setButtonStyles\" data-wp-on--click=\"actions.showLightbox\" data-wp-on--load=\"callbacks.setButtonStyles\" data-wp-on-window--resize=\"callbacks.setButtonStyles\" data-id=\"492\" src=\"https:\/\/www.albangernigon-photographies.com\/wp-content\/uploads\/2024\/08\/odeursdechlore002-1024x683.jpg\" alt=\"\" class=\"wp-image-492\" srcset=\"https:\/\/www.albangernigon-photographies.com\/wp-content\/uploads\/2024\/08\/odeursdechlore002-1024x683.jpg 1024w, https:\/\/www.albangernigon-photographies.com\/wp-content\/uploads\/2024\/08\/odeursdechlore002-300x200.jpg 300w, https:\/\/www.albangernigon-photographies.com\/wp-content\/uploads\/2024\/08\/odeursdechlore002-768x512.jpg 768w, https:\/\/www.albangernigon-photographies.com\/wp-content\/uploads\/2024\/08\/odeursdechlore002-1536x1024.jpg 1536w, https:\/\/www.albangernigon-photographies.com\/wp-content\/uploads\/2024\/08\/odeursdechlore002.jpg 1800w\" sizes=\"(max-width: 1024px) 100vw, 1024px\" \/><button\n\t\t\tclass=\"lightbox-trigger\"\n\t\t\ttype=\"button\"\n\t\t\taria-haspopup=\"dialog\"\n\t\t\taria-label=\"Enlarge\"\n\t\t\tdata-wp-init=\"callbacks.initTriggerButton\"\n\t\t\tdata-wp-on--click=\"actions.showLightbox\"\n\t\t\tdata-wp-style--right=\"state.imageButtonRight\"\n\t\t\tdata-wp-style--top=\"state.imageButtonTop\"\n\t\t>\n\t\t\t<svg xmlns=\"http:\/\/www.w3.org\/2000\/svg\" width=\"12\" height=\"12\" fill=\"none\" viewBox=\"0 0 12 12\">\n\t\t\t\t<path fill=\"#fff\" d=\"M2 0a2 2 0 0 0-2 2v2h1.5V2a.5.5 0 0 1 .5-.5h2V0H2Zm2 10.5H2a.5.5 0 0 1-.5-.5V8H0v2a2 2 0 0 0 2 2h2v-1.5ZM8 12v-1.5h2a.5.5 0 0 0 .5-.5V8H12v2a2 2 0 0 1-2 2H8Zm2-12a2 2 0 0 1 2 2v2h-1.5V2a.5.5 0 0 0-.5-.5H8V0h2Z\" \/>\n\t\t\t<\/svg>\n\t\t<\/button><\/figure>\n\n\n\n<figure data-wp-context=\"{&quot;imageId&quot;:&quot;6a006dc72a508&quot;}\" data-wp-interactive=\"core\/image\" data-wp-key=\"6a006dc72a508\" class=\"wp-block-image size-large wp-lightbox-container\"><img loading=\"lazy\" decoding=\"async\" width=\"1024\" height=\"683\" data-wp-class--hide=\"state.isContentHidden\" data-wp-class--show=\"state.isContentVisible\" data-wp-init=\"callbacks.setButtonStyles\" data-wp-on--click=\"actions.showLightbox\" data-wp-on--load=\"callbacks.setButtonStyles\" data-wp-on-window--resize=\"callbacks.setButtonStyles\" data-id=\"494\" src=\"https:\/\/www.albangernigon-photographies.com\/wp-content\/uploads\/2024\/08\/odeursdechlore004_1-1024x683.jpg\" alt=\"\" class=\"wp-image-494\" srcset=\"https:\/\/www.albangernigon-photographies.com\/wp-content\/uploads\/2024\/08\/odeursdechlore004_1-1024x683.jpg 1024w, https:\/\/www.albangernigon-photographies.com\/wp-content\/uploads\/2024\/08\/odeursdechlore004_1-300x200.jpg 300w, https:\/\/www.albangernigon-photographies.com\/wp-content\/uploads\/2024\/08\/odeursdechlore004_1-768x512.jpg 768w, https:\/\/www.albangernigon-photographies.com\/wp-content\/uploads\/2024\/08\/odeursdechlore004_1-1536x1024.jpg 1536w, https:\/\/www.albangernigon-photographies.com\/wp-content\/uploads\/2024\/08\/odeursdechlore004_1.jpg 1620w\" sizes=\"(max-width: 1024px) 100vw, 1024px\" \/><button\n\t\t\tclass=\"lightbox-trigger\"\n\t\t\ttype=\"button\"\n\t\t\taria-haspopup=\"dialog\"\n\t\t\taria-label=\"Enlarge\"\n\t\t\tdata-wp-init=\"callbacks.initTriggerButton\"\n\t\t\tdata-wp-on--click=\"actions.showLightbox\"\n\t\t\tdata-wp-style--right=\"state.imageButtonRight\"\n\t\t\tdata-wp-style--top=\"state.imageButtonTop\"\n\t\t>\n\t\t\t<svg xmlns=\"http:\/\/www.w3.org\/2000\/svg\" width=\"12\" height=\"12\" fill=\"none\" viewBox=\"0 0 12 12\">\n\t\t\t\t<path fill=\"#fff\" d=\"M2 0a2 2 0 0 0-2 2v2h1.5V2a.5.5 0 0 1 .5-.5h2V0H2Zm2 10.5H2a.5.5 0 0 1-.5-.5V8H0v2a2 2 0 0 0 2 2h2v-1.5ZM8 12v-1.5h2a.5.5 0 0 0 .5-.5V8H12v2a2 2 0 0 1-2 2H8Zm2-12a2 2 0 0 1 2 2v2h-1.5V2a.5.5 0 0 0-.5-.5H8V0h2Z\" \/>\n\t\t\t<\/svg>\n\t\t<\/button><\/figure>\n\n\n\n<figure data-wp-context=\"{&quot;imageId&quot;:&quot;6a006dc72a893&quot;}\" data-wp-interactive=\"core\/image\" data-wp-key=\"6a006dc72a893\" class=\"wp-block-image size-large wp-lightbox-container\"><img loading=\"lazy\" decoding=\"async\" width=\"1024\" height=\"683\" data-wp-class--hide=\"state.isContentHidden\" data-wp-class--show=\"state.isContentVisible\" data-wp-init=\"callbacks.setButtonStyles\" data-wp-on--click=\"actions.showLightbox\" data-wp-on--load=\"callbacks.setButtonStyles\" data-wp-on-window--resize=\"callbacks.setButtonStyles\" data-id=\"497\" src=\"https:\/\/www.albangernigon-photographies.com\/wp-content\/uploads\/2024\/08\/odeursdechlore007_1-1024x683.jpg\" alt=\"\" class=\"wp-image-497\" srcset=\"https:\/\/www.albangernigon-photographies.com\/wp-content\/uploads\/2024\/08\/odeursdechlore007_1-1024x683.jpg 1024w, https:\/\/www.albangernigon-photographies.com\/wp-content\/uploads\/2024\/08\/odeursdechlore007_1-300x200.jpg 300w, https:\/\/www.albangernigon-photographies.com\/wp-content\/uploads\/2024\/08\/odeursdechlore007_1-768x512.jpg 768w, https:\/\/www.albangernigon-photographies.com\/wp-content\/uploads\/2024\/08\/odeursdechlore007_1-1536x1024.jpg 1536w, https:\/\/www.albangernigon-photographies.com\/wp-content\/uploads\/2024\/08\/odeursdechlore007_1.jpg 1620w\" sizes=\"(max-width: 1024px) 100vw, 1024px\" \/><button\n\t\t\tclass=\"lightbox-trigger\"\n\t\t\ttype=\"button\"\n\t\t\taria-haspopup=\"dialog\"\n\t\t\taria-label=\"Enlarge\"\n\t\t\tdata-wp-init=\"callbacks.initTriggerButton\"\n\t\t\tdata-wp-on--click=\"actions.showLightbox\"\n\t\t\tdata-wp-style--right=\"state.imageButtonRight\"\n\t\t\tdata-wp-style--top=\"state.imageButtonTop\"\n\t\t>\n\t\t\t<svg xmlns=\"http:\/\/www.w3.org\/2000\/svg\" width=\"12\" height=\"12\" fill=\"none\" viewBox=\"0 0 12 12\">\n\t\t\t\t<path fill=\"#fff\" d=\"M2 0a2 2 0 0 0-2 2v2h1.5V2a.5.5 0 0 1 .5-.5h2V0H2Zm2 10.5H2a.5.5 0 0 1-.5-.5V8H0v2a2 2 0 0 0 2 2h2v-1.5ZM8 12v-1.5h2a.5.5 0 0 0 .5-.5V8H12v2a2 2 0 0 1-2 2H8Zm2-12a2 2 0 0 1 2 2v2h-1.5V2a.5.5 0 0 0-.5-.5H8V0h2Z\" \/>\n\t\t\t<\/svg>\n\t\t<\/button><\/figure>\n\n\n\n<figure data-wp-context=\"{&quot;imageId&quot;:&quot;6a006dc72ac0c&quot;}\" data-wp-interactive=\"core\/image\" data-wp-key=\"6a006dc72ac0c\" class=\"wp-block-image size-large wp-lightbox-container\"><img loading=\"lazy\" decoding=\"async\" width=\"1024\" height=\"683\" data-wp-class--hide=\"state.isContentHidden\" data-wp-class--show=\"state.isContentVisible\" data-wp-init=\"callbacks.setButtonStyles\" data-wp-on--click=\"actions.showLightbox\" data-wp-on--load=\"callbacks.setButtonStyles\" data-wp-on-window--resize=\"callbacks.setButtonStyles\" data-id=\"499\" src=\"https:\/\/www.albangernigon-photographies.com\/wp-content\/uploads\/2024\/08\/odeursdechlore009_1-1024x683.jpg\" alt=\"\" class=\"wp-image-499\" srcset=\"https:\/\/www.albangernigon-photographies.com\/wp-content\/uploads\/2024\/08\/odeursdechlore009_1-1024x683.jpg 1024w, https:\/\/www.albangernigon-photographies.com\/wp-content\/uploads\/2024\/08\/odeursdechlore009_1-300x200.jpg 300w, https:\/\/www.albangernigon-photographies.com\/wp-content\/uploads\/2024\/08\/odeursdechlore009_1-768x512.jpg 768w, https:\/\/www.albangernigon-photographies.com\/wp-content\/uploads\/2024\/08\/odeursdechlore009_1-1536x1024.jpg 1536w, https:\/\/www.albangernigon-photographies.com\/wp-content\/uploads\/2024\/08\/odeursdechlore009_1.jpg 1620w\" sizes=\"(max-width: 1024px) 100vw, 1024px\" \/><button\n\t\t\tclass=\"lightbox-trigger\"\n\t\t\ttype=\"button\"\n\t\t\taria-haspopup=\"dialog\"\n\t\t\taria-label=\"Enlarge\"\n\t\t\tdata-wp-init=\"callbacks.initTriggerButton\"\n\t\t\tdata-wp-on--click=\"actions.showLightbox\"\n\t\t\tdata-wp-style--right=\"state.imageButtonRight\"\n\t\t\tdata-wp-style--top=\"state.imageButtonTop\"\n\t\t>\n\t\t\t<svg xmlns=\"http:\/\/www.w3.org\/2000\/svg\" width=\"12\" height=\"12\" fill=\"none\" viewBox=\"0 0 12 12\">\n\t\t\t\t<path fill=\"#fff\" d=\"M2 0a2 2 0 0 0-2 2v2h1.5V2a.5.5 0 0 1 .5-.5h2V0H2Zm2 10.5H2a.5.5 0 0 1-.5-.5V8H0v2a2 2 0 0 0 2 2h2v-1.5ZM8 12v-1.5h2a.5.5 0 0 0 .5-.5V8H12v2a2 2 0 0 1-2 2H8Zm2-12a2 2 0 0 1 2 2v2h-1.5V2a.5.5 0 0 0-.5-.5H8V0h2Z\" \/>\n\t\t\t<\/svg>\n\t\t<\/button><\/figure>\n\n\n\n<figure data-wp-context=\"{&quot;imageId&quot;:&quot;6a006dc72af5a&quot;}\" data-wp-interactive=\"core\/image\" data-wp-key=\"6a006dc72af5a\" class=\"wp-block-image size-large wp-lightbox-container\"><img loading=\"lazy\" decoding=\"async\" width=\"1024\" height=\"683\" data-wp-class--hide=\"state.isContentHidden\" data-wp-class--show=\"state.isContentVisible\" data-wp-init=\"callbacks.setButtonStyles\" data-wp-on--click=\"actions.showLightbox\" data-wp-on--load=\"callbacks.setButtonStyles\" data-wp-on-window--resize=\"callbacks.setButtonStyles\" data-id=\"498\" src=\"https:\/\/www.albangernigon-photographies.com\/wp-content\/uploads\/2024\/08\/odeursdechlore008_1-1024x683.jpg\" alt=\"\" class=\"wp-image-498\" srcset=\"https:\/\/www.albangernigon-photographies.com\/wp-content\/uploads\/2024\/08\/odeursdechlore008_1-1024x683.jpg 1024w, https:\/\/www.albangernigon-photographies.com\/wp-content\/uploads\/2024\/08\/odeursdechlore008_1-300x200.jpg 300w, https:\/\/www.albangernigon-photographies.com\/wp-content\/uploads\/2024\/08\/odeursdechlore008_1-768x512.jpg 768w, https:\/\/www.albangernigon-photographies.com\/wp-content\/uploads\/2024\/08\/odeursdechlore008_1-1536x1024.jpg 1536w, https:\/\/www.albangernigon-photographies.com\/wp-content\/uploads\/2024\/08\/odeursdechlore008_1.jpg 1620w\" sizes=\"(max-width: 1024px) 100vw, 1024px\" \/><button\n\t\t\tclass=\"lightbox-trigger\"\n\t\t\ttype=\"button\"\n\t\t\taria-haspopup=\"dialog\"\n\t\t\taria-label=\"Enlarge\"\n\t\t\tdata-wp-init=\"callbacks.initTriggerButton\"\n\t\t\tdata-wp-on--click=\"actions.showLightbox\"\n\t\t\tdata-wp-style--right=\"state.imageButtonRight\"\n\t\t\tdata-wp-style--top=\"state.imageButtonTop\"\n\t\t>\n\t\t\t<svg xmlns=\"http:\/\/www.w3.org\/2000\/svg\" width=\"12\" height=\"12\" fill=\"none\" viewBox=\"0 0 12 12\">\n\t\t\t\t<path fill=\"#fff\" d=\"M2 0a2 2 0 0 0-2 2v2h1.5V2a.5.5 0 0 1 .5-.5h2V0H2Zm2 10.5H2a.5.5 0 0 1-.5-.5V8H0v2a2 2 0 0 0 2 2h2v-1.5ZM8 12v-1.5h2a.5.5 0 0 0 .5-.5V8H12v2a2 2 0 0 1-2 2H8Zm2-12a2 2 0 0 1 2 2v2h-1.5V2a.5.5 0 0 0-.5-.5H8V0h2Z\" \/>\n\t\t\t<\/svg>\n\t\t<\/button><\/figure>\n\n\n\n<figure data-wp-context=\"{&quot;imageId&quot;:&quot;6a006dc72b2aa&quot;}\" data-wp-interactive=\"core\/image\" data-wp-key=\"6a006dc72b2aa\" class=\"wp-block-image size-large wp-lightbox-container\"><img loading=\"lazy\" decoding=\"async\" width=\"1024\" height=\"683\" data-wp-class--hide=\"state.isContentHidden\" data-wp-class--show=\"state.isContentVisible\" data-wp-init=\"callbacks.setButtonStyles\" data-wp-on--click=\"actions.showLightbox\" data-wp-on--load=\"callbacks.setButtonStyles\" data-wp-on-window--resize=\"callbacks.setButtonStyles\" data-id=\"502\" src=\"https:\/\/www.albangernigon-photographies.com\/wp-content\/uploads\/2024\/08\/odeursdechlore011_1-1024x683.jpg\" alt=\"\" class=\"wp-image-502\" srcset=\"https:\/\/www.albangernigon-photographies.com\/wp-content\/uploads\/2024\/08\/odeursdechlore011_1-1024x683.jpg 1024w, https:\/\/www.albangernigon-photographies.com\/wp-content\/uploads\/2024\/08\/odeursdechlore011_1-300x200.jpg 300w, https:\/\/www.albangernigon-photographies.com\/wp-content\/uploads\/2024\/08\/odeursdechlore011_1-768x512.jpg 768w, https:\/\/www.albangernigon-photographies.com\/wp-content\/uploads\/2024\/08\/odeursdechlore011_1-1536x1024.jpg 1536w, https:\/\/www.albangernigon-photographies.com\/wp-content\/uploads\/2024\/08\/odeursdechlore011_1.jpg 1620w\" sizes=\"(max-width: 1024px) 100vw, 1024px\" \/><button\n\t\t\tclass=\"lightbox-trigger\"\n\t\t\ttype=\"button\"\n\t\t\taria-haspopup=\"dialog\"\n\t\t\taria-label=\"Enlarge\"\n\t\t\tdata-wp-init=\"callbacks.initTriggerButton\"\n\t\t\tdata-wp-on--click=\"actions.showLightbox\"\n\t\t\tdata-wp-style--right=\"state.imageButtonRight\"\n\t\t\tdata-wp-style--top=\"state.imageButtonTop\"\n\t\t>\n\t\t\t<svg xmlns=\"http:\/\/www.w3.org\/2000\/svg\" width=\"12\" height=\"12\" fill=\"none\" viewBox=\"0 0 12 12\">\n\t\t\t\t<path fill=\"#fff\" d=\"M2 0a2 2 0 0 0-2 2v2h1.5V2a.5.5 0 0 1 .5-.5h2V0H2Zm2 10.5H2a.5.5 0 0 1-.5-.5V8H0v2a2 2 0 0 0 2 2h2v-1.5ZM8 12v-1.5h2a.5.5 0 0 0 .5-.5V8H12v2a2 2 0 0 1-2 2H8Zm2-12a2 2 0 0 1 2 2v2h-1.5V2a.5.5 0 0 0-.5-.5H8V0h2Z\" \/>\n\t\t\t<\/svg>\n\t\t<\/button><\/figure>\n\n\n\n<figure data-wp-context=\"{&quot;imageId&quot;:&quot;6a006dc72b5fa&quot;}\" data-wp-interactive=\"core\/image\" data-wp-key=\"6a006dc72b5fa\" class=\"wp-block-image size-large wp-lightbox-container\"><img loading=\"lazy\" decoding=\"async\" width=\"1024\" height=\"683\" data-wp-class--hide=\"state.isContentHidden\" data-wp-class--show=\"state.isContentVisible\" data-wp-init=\"callbacks.setButtonStyles\" data-wp-on--click=\"actions.showLightbox\" data-wp-on--load=\"callbacks.setButtonStyles\" data-wp-on-window--resize=\"callbacks.setButtonStyles\" data-id=\"500\" src=\"https:\/\/www.albangernigon-photographies.com\/wp-content\/uploads\/2024\/08\/odeursdechlore010_1-1024x683.jpg\" alt=\"\" class=\"wp-image-500\" srcset=\"https:\/\/www.albangernigon-photographies.com\/wp-content\/uploads\/2024\/08\/odeursdechlore010_1-1024x683.jpg 1024w, https:\/\/www.albangernigon-photographies.com\/wp-content\/uploads\/2024\/08\/odeursdechlore010_1-300x200.jpg 300w, https:\/\/www.albangernigon-photographies.com\/wp-content\/uploads\/2024\/08\/odeursdechlore010_1-768x512.jpg 768w, https:\/\/www.albangernigon-photographies.com\/wp-content\/uploads\/2024\/08\/odeursdechlore010_1-1536x1024.jpg 1536w, https:\/\/www.albangernigon-photographies.com\/wp-content\/uploads\/2024\/08\/odeursdechlore010_1.jpg 1620w\" sizes=\"(max-width: 1024px) 100vw, 1024px\" \/><button\n\t\t\tclass=\"lightbox-trigger\"\n\t\t\ttype=\"button\"\n\t\t\taria-haspopup=\"dialog\"\n\t\t\taria-label=\"Enlarge\"\n\t\t\tdata-wp-init=\"callbacks.initTriggerButton\"\n\t\t\tdata-wp-on--click=\"actions.showLightbox\"\n\t\t\tdata-wp-style--right=\"state.imageButtonRight\"\n\t\t\tdata-wp-style--top=\"state.imageButtonTop\"\n\t\t>\n\t\t\t<svg xmlns=\"http:\/\/www.w3.org\/2000\/svg\" width=\"12\" height=\"12\" fill=\"none\" viewBox=\"0 0 12 12\">\n\t\t\t\t<path fill=\"#fff\" d=\"M2 0a2 2 0 0 0-2 2v2h1.5V2a.5.5 0 0 1 .5-.5h2V0H2Zm2 10.5H2a.5.5 0 0 1-.5-.5V8H0v2a2 2 0 0 0 2 2h2v-1.5ZM8 12v-1.5h2a.5.5 0 0 0 .5-.5V8H12v2a2 2 0 0 1-2 2H8Zm2-12a2 2 0 0 1 2 2v2h-1.5V2a.5.5 0 0 0-.5-.5H8V0h2Z\" \/>\n\t\t\t<\/svg>\n\t\t<\/button><\/figure>\n\n\n\n<figure class=\"wp-block-image size-large\"><img loading=\"lazy\" decoding=\"async\" width=\"1024\" height=\"683\" data-id=\"495\" src=\"https:\/\/www.albangernigon-photographies.com\/wp-content\/uploads\/2024\/08\/odeursdechlore005_1-1024x683.jpg\" alt=\"\" class=\"wp-image-495\" srcset=\"https:\/\/www.albangernigon-photographies.com\/wp-content\/uploads\/2024\/08\/odeursdechlore005_1-1024x683.jpg 1024w, https:\/\/www.albangernigon-photographies.com\/wp-content\/uploads\/2024\/08\/odeursdechlore005_1-300x200.jpg 300w, https:\/\/www.albangernigon-photographies.com\/wp-content\/uploads\/2024\/08\/odeursdechlore005_1-768x512.jpg 768w, https:\/\/www.albangernigon-photographies.com\/wp-content\/uploads\/2024\/08\/odeursdechlore005_1-1536x1024.jpg 1536w, https:\/\/www.albangernigon-photographies.com\/wp-content\/uploads\/2024\/08\/odeursdechlore005_1.jpg 1620w\" sizes=\"(max-width: 1024px) 100vw, 1024px\" \/><\/figure>\n\n\n\n<figure data-wp-context=\"{&quot;imageId&quot;:&quot;6a006dc72bd18&quot;}\" data-wp-interactive=\"core\/image\" data-wp-key=\"6a006dc72bd18\" class=\"wp-block-image size-large wp-lightbox-container\"><img loading=\"lazy\" decoding=\"async\" width=\"1024\" height=\"683\" data-wp-class--hide=\"state.isContentHidden\" data-wp-class--show=\"state.isContentVisible\" data-wp-init=\"callbacks.setButtonStyles\" data-wp-on--click=\"actions.showLightbox\" data-wp-on--load=\"callbacks.setButtonStyles\" data-wp-on-window--resize=\"callbacks.setButtonStyles\" data-id=\"491\" src=\"https:\/\/www.albangernigon-photographies.com\/wp-content\/uploads\/2024\/08\/odeursdechlore001-1024x683.jpg\" alt=\"\" class=\"wp-image-491\" srcset=\"https:\/\/www.albangernigon-photographies.com\/wp-content\/uploads\/2024\/08\/odeursdechlore001-1024x683.jpg 1024w, https:\/\/www.albangernigon-photographies.com\/wp-content\/uploads\/2024\/08\/odeursdechlore001-300x200.jpg 300w, https:\/\/www.albangernigon-photographies.com\/wp-content\/uploads\/2024\/08\/odeursdechlore001-768x512.jpg 768w, https:\/\/www.albangernigon-photographies.com\/wp-content\/uploads\/2024\/08\/odeursdechlore001-1536x1024.jpg 1536w, https:\/\/www.albangernigon-photographies.com\/wp-content\/uploads\/2024\/08\/odeursdechlore001.jpg 1800w\" sizes=\"(max-width: 1024px) 100vw, 1024px\" \/><button\n\t\t\tclass=\"lightbox-trigger\"\n\t\t\ttype=\"button\"\n\t\t\taria-haspopup=\"dialog\"\n\t\t\taria-label=\"Enlarge\"\n\t\t\tdata-wp-init=\"callbacks.initTriggerButton\"\n\t\t\tdata-wp-on--click=\"actions.showLightbox\"\n\t\t\tdata-wp-style--right=\"state.imageButtonRight\"\n\t\t\tdata-wp-style--top=\"state.imageButtonTop\"\n\t\t>\n\t\t\t<svg xmlns=\"http:\/\/www.w3.org\/2000\/svg\" width=\"12\" height=\"12\" fill=\"none\" viewBox=\"0 0 12 12\">\n\t\t\t\t<path fill=\"#fff\" d=\"M2 0a2 2 0 0 0-2 2v2h1.5V2a.5.5 0 0 1 .5-.5h2V0H2Zm2 10.5H2a.5.5 0 0 1-.5-.5V8H0v2a2 2 0 0 0 2 2h2v-1.5ZM8 12v-1.5h2a.5.5 0 0 0 .5-.5V8H12v2a2 2 0 0 1-2 2H8Zm2-12a2 2 0 0 1 2 2v2h-1.5V2a.5.5 0 0 0-.5-.5H8V0h2Z\" \/>\n\t\t\t<\/svg>\n\t\t<\/button><\/figure>\n<\/figure>\n","protected":false},"excerpt":{"rendered":"","protected":false},"author":1,"featured_media":0,"parent":0,"menu_order":0,"comment_status":"closed","ping_status":"closed","template":"","meta":{"footnotes":""},"class_list":["post-31","page","type-page","status-publish","hentry"],"_links":{"self":[{"href":"https:\/\/www.albangernigon-photographies.com\/index.php\/wp-json\/wp\/v2\/pages\/31","targetHints":{"allow":["GET"]}}],"collection":[{"href":"https:\/\/www.albangernigon-photographies.com\/index.php\/wp-json\/wp\/v2\/pages"}],"about":[{"href":"https:\/\/www.albangernigon-photographies.com\/index.php\/wp-json\/wp\/v2\/types\/page"}],"author":[{"embeddable":true,"href":"https:\/\/www.albangernigon-photographies.com\/index.php\/wp-json\/wp\/v2\/users\/1"}],"replies":[{"embeddable":true,"href":"https:\/\/www.albangernigon-photographies.com\/index.php\/wp-json\/wp\/v2\/comments?post=31"}],"version-history":[{"count":9,"href":"https:\/\/www.albangernigon-photographies.com\/index.php\/wp-json\/wp\/v2\/pages\/31\/revisions"}],"predecessor-version":[{"id":1113,"href":"https:\/\/www.albangernigon-photographies.com\/index.php\/wp-json\/wp\/v2\/pages\/31\/revisions\/1113"}],"wp:attachment":[{"href":"https:\/\/www.albangernigon-photographies.com\/index.php\/wp-json\/wp\/v2\/media?parent=31"}],"curies":[{"name":"wp","href":"https:\/\/api.w.org\/{rel}","templated":true}]}}