{"id":12,"date":"2024-08-09T17:26:22","date_gmt":"2024-08-09T15:26:22","guid":{"rendered":"https:\/\/www.albangernigon-photographies.com\/?page_id=12"},"modified":"2024-12-06T09:44:09","modified_gmt":"2024-12-06T08:44:09","slug":"about-me","status":"publish","type":"page","link":"https:\/\/www.albangernigon-photographies.com\/index.php\/about-me\/","title":{"rendered":"\u00c0 propos"},"content":{"rendered":"\n<div class=\"wp-block-qi-blocks-advanced-text qodef-block-container qodef-block-519fd1da\"><div class=\"qi-block-advanced-text qodef-block qodef-m\"><p>\u00c0 propos<\/p><\/div><\/div>\n\n\n\n<section class=\"wp-block-qi-blocks-columns qodef-gutenberg-section qodef--template qodef-block-913def95 qodef-col-num--2 qodef-col-layout--33-66 qodef-content--boxed\"><div class=\"qodef-section-background-overlay\"><\/div><div class=\"qodef-gutenberg-row\">\n<div class=\"wp-block-qi-blocks-column qodef-gutenberg-column qodef-block-7a804a0b\"><div class=\"qodef-gutenberg-column-inner\">\n<figure class=\"wp-block-image size-full\"><img fetchpriority=\"high\" decoding=\"async\" width=\"900\" height=\"900\" src=\"https:\/\/www.albangernigon-photographies.com\/wp-content\/uploads\/2024\/12\/L1090442-mini.jpg\" alt=\"\" class=\"wp-image-1285\" srcset=\"https:\/\/www.albangernigon-photographies.com\/wp-content\/uploads\/2024\/12\/L1090442-mini.jpg 900w, https:\/\/www.albangernigon-photographies.com\/wp-content\/uploads\/2024\/12\/L1090442-mini-300x300.jpg 300w, https:\/\/www.albangernigon-photographies.com\/wp-content\/uploads\/2024\/12\/L1090442-mini-150x150.jpg 150w, https:\/\/www.albangernigon-photographies.com\/wp-content\/uploads\/2024\/12\/L1090442-mini-768x768.jpg 768w, https:\/\/www.albangernigon-photographies.com\/wp-content\/uploads\/2024\/12\/L1090442-mini-650x650.jpg 650w\" sizes=\"(max-width: 900px) 100vw, 900px\" \/><\/figure>\n<\/div><\/div>\n\n\n\n<div class=\"wp-block-qi-blocks-column qodef-gutenberg-column qodef-block-c83cdad8\"><div class=\"qodef-gutenberg-column-inner\">\n<div class=\"wp-block-qi-blocks-advanced-text qodef-block-container qodef-block-e5aae299\"><div class=\"qi-block-advanced-text qodef-block qodef-m\"><p><br><strong>Photographe et Directeur Artistique, n\u00e9 en 1976 et bas\u00e9 \u00e0 Lille.<\/strong><br><strong><br><\/strong>En plus de mon r\u00f4le de Designer d\u2019interfaces (pour que vos boutons \u00ab cliquent \u00bb et vos \u00e9crans brillent), je d\u00e9veloppe une d\u00e9marche artistique personnelle qui me permet de publier et exposer r\u00e9guli\u00e8rement mes travaux dans des m\u00e9dias, galeries et parfois m\u00eame sur le frigo des amisAvec plusieurs ann\u00e9es d&#8217;exp\u00e9rience dans la communication et la production de contenu, je sais exactement ce que mes clients attendent\u2026 et ce qu&#8217;ils ne veulent pas. Mon objectif : les accompagner avec s\u00e9rieux, exigence et un soup\u00e7on d&#8217;humour, tout en mettant tout mon savoir-faire au service de leurs projets.<br><br>Pour moi, l&#8217;humain est essentiel. Mes clients sont des partenaires, pas des simples dossiers \u00e0 cl\u00f4turer. Je m&#8217;efforce de les aider \u00e0 concr\u00e9tiser leurs ambitions tout en b\u00e2tissant une relation de confiance mutuelle, parce qu&#8217;une collaboration r\u00e9ussie passe avant tout par une bonne humeur partag\u00e9e. <br><br>En parall\u00e8le, je nourris une recherche artistique o\u00f9 la cr\u00e9ativit\u00e9 se d\u00e9cha\u00eene sans filtre (ni limitations de taille de fichier). Influenc\u00e9 par la litt\u00e9rature et une tonne d\u2019autres formes d&#8217;art (et quelques films cultes), j\u2019aime capturer des univers personnels et intimes avec un objectif qui se prend parfois trop au s\u00e9rieux, mais pas moi.<br><br>\u00c0 travers mes photos, je m&#8217;efforce de repr\u00e9senter la beaut\u00e9 sous toutes ses formes et de provoquer l\u2019\u00e9motion, que ce soit pour une affiche, un kit m\u00e9dia, un reportage ou m\u00eame un portrait o\u00f9 je parviens \u00e0 faire sourire m\u00eame les plus s\u00e9rieux.<\/p><\/div><\/div>\n<\/div><\/div>\n<\/div><\/section>\n\n\n\n<ul class=\"wp-block-social-links is-content-justification-left is-layout-flex wp-container-core-social-links-is-layout-fdcfc74e wp-block-social-links-is-layout-flex\"><li class=\"wp-social-link wp-social-link-facebook  wp-block-social-link\"><a href=\"https:\/\/www.facebook.com\/photoblacksheep\" class=\"wp-block-social-link-anchor\"><svg width=\"24\" height=\"24\" viewBox=\"0 0 24 24\" version=\"1.1\" xmlns=\"http:\/\/www.w3.org\/2000\/svg\" aria-hidden=\"true\" focusable=\"false\"><path d=\"M12 2C6.5 2 2 6.5 2 12c0 5 3.7 9.1 8.4 9.9v-7H7.9V12h2.5V9.8c0-2.5 1.5-3.9 3.8-3.9 1.1 0 2.2.2 2.2.2v2.5h-1.3c-1.2 0-1.6.8-1.6 1.6V12h2.8l-.4 2.9h-2.3v7C18.3 21.1 22 17 22 12c0-5.5-4.5-10-10-10z\"><\/path><\/svg><span class=\"wp-block-social-link-label screen-reader-text\">Facebook<\/span><\/a><\/li>\n\n<li class=\"wp-social-link wp-social-link-instagram  wp-block-social-link\"><a href=\"https:\/\/www.instagram.com\/lonely_black_sheep\/\" class=\"wp-block-social-link-anchor\"><svg width=\"24\" height=\"24\" viewBox=\"0 0 24 24\" version=\"1.1\" xmlns=\"http:\/\/www.w3.org\/2000\/svg\" aria-hidden=\"true\" focusable=\"false\"><path d=\"M12,4.622c2.403,0,2.688,0.009,3.637,0.052c0.877,0.04,1.354,0.187,1.671,0.31c0.42,0.163,0.72,0.358,1.035,0.673 c0.315,0.315,0.51,0.615,0.673,1.035c0.123,0.317,0.27,0.794,0.31,1.671c0.043,0.949,0.052,1.234,0.052,3.637 s-0.009,2.688-0.052,3.637c-0.04,0.877-0.187,1.354-0.31,1.671c-0.163,0.42-0.358,0.72-0.673,1.035 c-0.315,0.315-0.615,0.51-1.035,0.673c-0.317,0.123-0.794,0.27-1.671,0.31c-0.949,0.043-1.233,0.052-3.637,0.052 s-2.688-0.009-3.637-0.052c-0.877-0.04-1.354-0.187-1.671-0.31c-0.42-0.163-0.72-0.358-1.035-0.673 c-0.315-0.315-0.51-0.615-0.673-1.035c-0.123-0.317-0.27-0.794-0.31-1.671C4.631,14.688,4.622,14.403,4.622,12 s0.009-2.688,0.052-3.637c0.04-0.877,0.187-1.354,0.31-1.671c0.163-0.42,0.358-0.72,0.673-1.035 c0.315-0.315,0.615-0.51,1.035-0.673c0.317-0.123,0.794-0.27,1.671-0.31C9.312,4.631,9.597,4.622,12,4.622 M12,3 C9.556,3,9.249,3.01,8.289,3.054C7.331,3.098,6.677,3.25,6.105,3.472C5.513,3.702,5.011,4.01,4.511,4.511 c-0.5,0.5-0.808,1.002-1.038,1.594C3.25,6.677,3.098,7.331,3.054,8.289C3.01,9.249,3,9.556,3,12c0,2.444,0.01,2.751,0.054,3.711 c0.044,0.958,0.196,1.612,0.418,2.185c0.23,0.592,0.538,1.094,1.038,1.594c0.5,0.5,1.002,0.808,1.594,1.038 c0.572,0.222,1.227,0.375,2.185,0.418C9.249,20.99,9.556,21,12,21s2.751-0.01,3.711-0.054c0.958-0.044,1.612-0.196,2.185-0.418 c0.592-0.23,1.094-0.538,1.594-1.038c0.5-0.5,0.808-1.002,1.038-1.594c0.222-0.572,0.375-1.227,0.418-2.185 C20.99,14.751,21,14.444,21,12s-0.01-2.751-0.054-3.711c-0.044-0.958-0.196-1.612-0.418-2.185c-0.23-0.592-0.538-1.094-1.038-1.594 c-0.5-0.5-1.002-0.808-1.594-1.038c-0.572-0.222-1.227-0.375-2.185-0.418C14.751,3.01,14.444,3,12,3L12,3z M12,7.378 c-2.552,0-4.622,2.069-4.622,4.622S9.448,16.622,12,16.622s4.622-2.069,4.622-4.622S14.552,7.378,12,7.378z M12,15 c-1.657,0-3-1.343-3-3s1.343-3,3-3s3,1.343,3,3S13.657,15,12,15z M16.804,6.116c-0.596,0-1.08,0.484-1.08,1.08 s0.484,1.08,1.08,1.08c0.596,0,1.08-0.484,1.08-1.08S17.401,6.116,16.804,6.116z\"><\/path><\/svg><span class=\"wp-block-social-link-label screen-reader-text\">Instagram<\/span><\/a><\/li>\n\n<li class=\"wp-social-link wp-social-link-linkedin  wp-block-social-link\"><a href=\"https:\/\/www.linkedin.com\/in\/albangernigon\/\" class=\"wp-block-social-link-anchor\"><svg width=\"24\" height=\"24\" viewBox=\"0 0 24 24\" version=\"1.1\" xmlns=\"http:\/\/www.w3.org\/2000\/svg\" aria-hidden=\"true\" focusable=\"false\"><path d=\"M19.7,3H4.3C3.582,3,3,3.582,3,4.3v15.4C3,20.418,3.582,21,4.3,21h15.4c0.718,0,1.3-0.582,1.3-1.3V4.3 C21,3.582,20.418,3,19.7,3z M8.339,18.338H5.667v-8.59h2.672V18.338z M7.004,8.574c-0.857,0-1.549-0.694-1.549-1.548 c0-0.855,0.691-1.548,1.549-1.548c0.854,0,1.547,0.694,1.547,1.548C8.551,7.881,7.858,8.574,7.004,8.574z M18.339,18.338h-2.669 v-4.177c0-0.996-0.017-2.278-1.387-2.278c-1.389,0-1.601,1.086-1.601,2.206v4.249h-2.667v-8.59h2.559v1.174h0.037 c0.356-0.675,1.227-1.387,2.526-1.387c2.703,0,3.203,1.779,3.203,4.092V18.338z\"><\/path><\/svg><span class=\"wp-block-social-link-label screen-reader-text\">LinkedIn<\/span><\/a><\/li><\/ul>\n\n\n\n<div class=\"wp-block-qi-blocks-divider qodef-block-container qodef-block-f074c4e8\"><div class=\"qi-block-divider qodef-block qodef-m qodef-layout--standard qodef-position--center\"><div class=\"qodef-m-line\"><\/div><\/div><\/div>\n\n\n\n<div class=\"wp-block-qi-blocks-advanced-text qodef-block-container qodef-block-3d098509\"><div class=\"qi-block-advanced-text qodef-block qodef-m\"><p>Ils en parlent<\/p><\/div><\/div>\n\n\n\n<div class=\"wp-block-group is-vertical is-layout-flex wp-container-core-group-is-layout-8cf370e7 wp-block-group-is-layout-flex\">\n<div class=\"wp-block-qi-blocks-clients-list qodef-block-container qodef-block-1d140949\"><div class=\"qi-block-clients-list qodef-block qodef-m qodef-gutenberg-section qodef--columns qodef-col-num--4 qodef-responsive--predefined qodef-border--no qodef--hover-\"><div class=\"qodef-gutenberg-row\"><div class=\"qodef-e qodef-gutenberg-column\"><div class=\"qodef-e-inner\"><div class=\"qodef-e-images-holder\"><div class=\"qodef-e-main-image\"><img decoding=\"async\" width=\"800\" height=\"800\" class=\"wp-image-1193\" src=\"https:\/\/www.albangernigon-photographies.com\/wp-content\/uploads\/2024\/09\/DSCF6185.jpg\" alt=\"\" srcset=\"https:\/\/www.albangernigon-photographies.com\/wp-content\/uploads\/2024\/09\/DSCF6185.jpg 800w, https:\/\/www.albangernigon-photographies.com\/wp-content\/uploads\/2024\/09\/DSCF6185-300x300.jpg 300w, https:\/\/www.albangernigon-photographies.com\/wp-content\/uploads\/2024\/09\/DSCF6185-150x150.jpg 150w, https:\/\/www.albangernigon-photographies.com\/wp-content\/uploads\/2024\/09\/DSCF6185-768x768.jpg 768w, https:\/\/www.albangernigon-photographies.com\/wp-content\/uploads\/2024\/09\/DSCF6185-650x650.jpg 650w\" sizes=\"(max-width: 800px) 100vw, 800px\" \/><\/div><div class=\"qodef-e-hover-image\"><img decoding=\"async\" class=\"\" src=\"https:\/\/www.albangernigon-photographies.com\/wp-content\/plugins\/qi-blocks\/assets\/img\/placeholder.png\" alt=\"\"\/><\/div><\/div><h4 class=\"qodef-e-title\">Chicandier<\/h4><p class=\"qodef-e-text\">&#8220;Alban c\u2019est de l\u2019\u00e9nergie brute. Furtif. Attentif. Un \u0153il\u2026 bordel oui un \u0153il ! Lev\u00e9 7h du matin pour partir en shooting dans un patelin pr\u00e8s de Lille. Il m\u2019enveloppe. (&#8230;) Il fourmille. Il a 12 id\u00e9es par minute. Ses grands yeux empathiques tu ne peux pas y r\u00e9sister. Il sait ce qu\u2019il veut mais avec son sourire d\u2019ado, on ne peut rien lui refuser. \u00c0 un moment on ne fait m\u00eame qu\u2019un avec lui, il rit, je ris, on est dans \u00ab\u00a0un vrai moment\u00a0\u00bb qui restera grav\u00e9 dans la peloche. Alban c\u2019est une caresse sous les boules un jour de d\u00e9prime. Quand on le voit \u00e7a va mieux. Je souhaite \u00e0 tout le monde de bosser avec cet odieux connard !&#8221;<\/p><div class=\"qodef-e-icon\"><\/div><\/div><\/div><div class=\"qodef-e qodef-gutenberg-column\"><div class=\"qodef-e-inner\"><a href=\"https:\/\/www.albangernigon-photographies.com\/index.php\/tunnelbana\/\"><div class=\"qodef-e-images-holder\"><div class=\"qodef-e-main-image\"><img decoding=\"async\" width=\"300\" height=\"300\" class=\"wp-image-1246\" src=\"https:\/\/www.albangernigon-photographies.com\/wp-content\/uploads\/2024\/09\/logofuji2.jpg\" alt=\"\" srcset=\"https:\/\/www.albangernigon-photographies.com\/wp-content\/uploads\/2024\/09\/logofuji2.jpg 300w, https:\/\/www.albangernigon-photographies.com\/wp-content\/uploads\/2024\/09\/logofuji2-150x150.jpg 150w\" sizes=\"(max-width: 300px) 100vw, 300px\" \/><\/div><\/div><\/a><h4 class=\"qodef-e-title\"><a href=\"https:\/\/www.albangernigon-photographies.com\/index.php\/tunnelbana\/\">FujiFilm France<\/a><\/h4><p class=\"qodef-e-text\">&#8221; La premi\u00e8re fois qu&#8217;on a vu les images d&#8217;Alban Gernigon \u00e7a nous a fait comme un arc-en-ciel dans les yeux ! \n\nSon travail sur le m\u00e9tro de Stockholm, Tunnelbana, est magnifique et on salut sa posture documentaire en clin d\u2019\u0153il aux Becher. &#8220;<\/p><div class=\"qodef-e-icon\"><a href=\"https:\/\/www.albangernigon-photographies.com\/index.php\/tunnelbana\/\"><\/a><\/div><\/div><\/div><div class=\"qodef-e qodef-gutenberg-column\"><div class=\"qodef-e-inner\"><div class=\"qodef-e-images-holder\"><div class=\"qodef-e-main-image\"><img decoding=\"async\" class=\"\" src=\"https:\/\/www.albangernigon-photographies.com\/wp-content\/uploads\/2024\/09\/DSCF5778b.jpg\" alt=\"\"\/><\/div><div class=\"qodef-e-hover-image\"><img decoding=\"async\" class=\"\" src=\"https:\/\/www.albangernigon-photographies.com\/wp-content\/plugins\/qi-blocks\/assets\/img\/placeholder.png\" alt=\"\"\/><\/div><\/div><h4 class=\"qodef-e-title\">Amandine &#8220;BoumBoum&#8221;<\/h4><p class=\"qodef-e-text\">&#8220;J\u2019ai eu l\u2019occasion de faire plusieurs shooting photo avec Alban sur diff\u00e9rentes th\u00e9matiques, et \u00e0 chaque fois j\u2019ai kiff\u00e9 son univers \ud83d\ude0a il a su me guider et me mettre \u00e0 l\u2019aise lors du shooting, et je trouve que c\u2019est un point essentiel pour un photographe. Alban a une imagination d\u00e9bordante et il est vraiment cr\u00e9atif. Il sait vraiment se diff\u00e9rencier des autres ! Allez y les yeux ferm\u00e9s, Alban saura vraiment vous accompagner et sublimer votre image !&#8221;<\/p><div class=\"qodef-e-icon\"><\/div><\/div><\/div><div class=\"qodef-e qodef-gutenberg-column\"><div class=\"qodef-e-inner\"><div class=\"qodef-e-images-holder\"><div class=\"qodef-e-main-image\"><img loading=\"lazy\" decoding=\"async\" width=\"800\" height=\"800\" class=\"wp-image-1192\" src=\"https:\/\/www.albangernigon-photographies.com\/wp-content\/uploads\/2024\/09\/DSCF6449.jpg\" alt=\"\" srcset=\"https:\/\/www.albangernigon-photographies.com\/wp-content\/uploads\/2024\/09\/DSCF6449.jpg 800w, https:\/\/www.albangernigon-photographies.com\/wp-content\/uploads\/2024\/09\/DSCF6449-300x300.jpg 300w, https:\/\/www.albangernigon-photographies.com\/wp-content\/uploads\/2024\/09\/DSCF6449-150x150.jpg 150w, https:\/\/www.albangernigon-photographies.com\/wp-content\/uploads\/2024\/09\/DSCF6449-768x768.jpg 768w, https:\/\/www.albangernigon-photographies.com\/wp-content\/uploads\/2024\/09\/DSCF6449-650x650.jpg 650w\" sizes=\"(max-width: 800px) 100vw, 800px\" \/><\/div><\/div><h4 class=\"qodef-e-title\">Mathou Cann<\/h4><p class=\"qodef-e-text\">&#8220;J\u2019ai fait une s\u00e9ance photo avec Alban. Enfin, ce n\u2019\u00e9tait pas une simple s\u00e9ance photo. C\u2019\u00e9tait aussi un partage, une d\u00e9couverte, une amiti\u00e9. Il nous rend beau m\u00eame avant de nous prendre en photo. Son meilleur appareil c\u2019est son c\u0153ur. &#8220;<\/p><div class=\"qodef-e-icon\"><\/div><\/div><\/div><\/div><\/div><\/div>\n<\/div>\n\n\n\n<div class=\"wp-block-qi-blocks-advanced-text qodef-block-container qodef-block-88176527\"><div class=\"qi-block-advanced-text qodef-block qodef-m\"><p><\/p><\/div><\/div>\n\n\n\n<p><\/p>\n","protected":false},"excerpt":{"rendered":"","protected":false},"author":1,"featured_media":0,"parent":0,"menu_order":0,"comment_status":"closed","ping_status":"closed","template":"","meta":{"footnotes":""},"class_list":["post-12","page","type-page","status-publish","hentry"],"_links":{"self":[{"href":"https:\/\/www.albangernigon-photographies.com\/index.php\/wp-json\/wp\/v2\/pages\/12","targetHints":{"allow":["GET"]}}],"collection":[{"href":"https:\/\/www.albangernigon-photographies.com\/index.php\/wp-json\/wp\/v2\/pages"}],"about":[{"href":"https:\/\/www.albangernigon-photographies.com\/index.php\/wp-json\/wp\/v2\/types\/page"}],"author":[{"embeddable":true,"href":"https:\/\/www.albangernigon-photographies.com\/index.php\/wp-json\/wp\/v2\/users\/1"}],"replies":[{"embeddable":true,"href":"https:\/\/www.albangernigon-photographies.com\/index.php\/wp-json\/wp\/v2\/comments?post=12"}],"version-history":[{"count":17,"href":"https:\/\/www.albangernigon-photographies.com\/index.php\/wp-json\/wp\/v2\/pages\/12\/revisions"}],"predecessor-version":[{"id":1286,"href":"https:\/\/www.albangernigon-photographies.com\/index.php\/wp-json\/wp\/v2\/pages\/12\/revisions\/1286"}],"wp:attachment":[{"href":"https:\/\/www.albangernigon-photographies.com\/index.php\/wp-json\/wp\/v2\/media?parent=12"}],"curies":[{"name":"wp","href":"https:\/\/api.w.org\/{rel}","templated":true}]}}